{"id":24,"date":"2016-02-12T08:13:06","date_gmt":"2016-02-12T08:13:06","guid":{"rendered":"http:\/\/demos.famethemes.com\/onepress\/?page_id=24"},"modified":"2020-09-28T19:23:58","modified_gmt":"2020-09-28T17:23:58","slug":"dla-firm","status":"publish","type":"page","link":"http:\/\/astra-ag.eu\/index.php\/dla-firm\/","title":{"rendered":"Dla firm"},"content":{"rendered":"<h5>Znajdziemy rozwi\u0105zanie, kt\u00f3re odpowie potrzebom najbardziej wymagaj\u0105cych.<!--more--><\/h5>\n<h6>Oferujemy realizacj\u0119 inwestycji opieraj\u0105c sw\u0105 prac\u0119 na kilku krokach:<\/h6>\n<ul>\n<li>Audyt i uproszczony bilans energetyczny<\/li>\n<li>Koncepcja systemu<\/li>\n<li>Studium wykonalno\u015bci<\/li>\n<li>Dokumentacja projektowa<\/li>\n<li>Dostawa i monta\u017c<\/li>\n<li>Uruchomienie i w\u0142\u0105czenie do sieci<\/li>\n<\/ul>\n<p><img loading=\"lazy\" class=\"aligncenter wp-image-1602 size-full\" src=\"http:\/\/astra-ag.eu\/wp-content\/uploads\/2020\/09\/B887A31F-0D03-467C-8B85-8A4D8386E2A7.png\" alt=\"\" width=\"1600\" height=\"652\" srcset=\"http:\/\/astra-ag.eu\/wp-content\/uploads\/2020\/09\/B887A31F-0D03-467C-8B85-8A4D8386E2A7.png 1600w, http:\/\/astra-ag.eu\/wp-content\/uploads\/2020\/09\/B887A31F-0D03-467C-8B85-8A4D8386E2A7-300x122.png 300w, http:\/\/astra-ag.eu\/wp-content\/uploads\/2020\/09\/B887A31F-0D03-467C-8B85-8A4D8386E2A7-768x313.png 768w, http:\/\/astra-ag.eu\/wp-content\/uploads\/2020\/09\/B887A31F-0D03-467C-8B85-8A4D8386E2A7-1024x417.png 1024w\" sizes=\"(max-width: 1600px) 100vw, 1600px\" \/><\/p>\n<div><\/div>\n<h6>Dla bardziej zaawansowanych oferujemy pomoc:<\/h6>\n<ul>\n<li>Opracowanie modelu sprzeda\u017cy energii<\/li>\n<li>Wsparcie w procedurze aukcyjnej URE<\/li>\n<li>Przygotowanie i wdro\u017cenie um\u00f3w dostawy energii<\/li>\n<li>Utworzenie sp\u00f3\u0142dzielni energetycznej<\/li>\n<\/ul>\n<p>Instalacja fotowoltaiczna to wa\u017cna cz\u0119\u015b\u0107 firmy, dlatego z du\u017c\u0105 staranno\u015bci\u0105 prowadzimy Przedsi\u0119biorc\u0119 przez proces inwestycyjny.<\/p>\n<p>Od pomys\u0142u na oszcz\u0119dno\u015b\u0107 koszt\u00f3w energii do przedsi\u0119biorstwa energetycznego, kt\u00f3re ustabilizuje biznes i dostarczy nowych dochod\u00f3w.<\/p>\n<p>Wska\u017cemy w\u0142a\u015bciwe rozwi\u0105zania techniczne i prawne. Dzia\u0142amy w formule <span class=\"s3\"><i>turnkey<\/i><\/span>.<\/p>\n<div class=\"s2\"><\/div>\n","protected":false},"excerpt":{"rendered":"<p>Morbi in sem quis dui placerat ornare. Pellentesque odio nisi euismod in pharetra a ultricies.<\/p>\n","protected":false},"author":2,"featured_media":1602,"parent":0,"menu_order":0,"comment_status":"closed","ping_status":"closed","template":"","meta":[],"_links":{"self":[{"href":"http:\/\/astra-ag.eu\/index.php\/wp-json\/wp\/v2\/pages\/24"}],"collection":[{"href":"http:\/\/astra-ag.eu\/index.php\/wp-json\/wp\/v2\/pages"}],"about":[{"href":"http:\/\/astra-ag.eu\/index.php\/wp-json\/wp\/v2\/types\/page"}],"author":[{"embeddable":true,"href":"http:\/\/astra-ag.eu\/index.php\/wp-json\/wp\/v2\/users\/2"}],"replies":[{"embeddable":true,"href":"http:\/\/astra-ag.eu\/index.php\/wp-json\/wp\/v2\/comments?post=24"}],"version-history":[{"count":14,"href":"http:\/\/astra-ag.eu\/index.php\/wp-json\/wp\/v2\/pages\/24\/revisions"}],"predecessor-version":[{"id":1648,"href":"http:\/\/astra-ag.eu\/index.php\/wp-json\/wp\/v2\/pages\/24\/revisions\/1648"}],"wp:featuredmedia":[{"embeddable":true,"href":"http:\/\/astra-ag.eu\/index.php\/wp-json\/wp\/v2\/media\/1602"}],"wp:attachment":[{"href":"http:\/\/astra-ag.eu\/index.php\/wp-json\/wp\/v2\/media?parent=24"}],"curies":[{"name":"wp","href":"https:\/\/api.w.org\/{rel}","templated":true}]}}