{"id":1522,"date":"2020-06-21T11:17:07","date_gmt":"2020-06-21T09:17:07","guid":{"rendered":"http:\/\/astra-ag.eu\/?page_id=1522"},"modified":"2020-07-09T19:52:28","modified_gmt":"2020-07-09T17:52:28","slug":"promocja","status":"publish","type":"page","link":"http:\/\/astra-ag.eu\/index.php\/promocja\/","title":{"rendered":"Promocja"},"content":{"rendered":"\n<p><\/p>\n\n\n\n<p>Ka\u017cdemu z naszych obecnych lub przysz\u0142ych Klient\u00f3w oferujemy <strong>bonus w wysoko\u015bci 500 z\u0142<\/strong> gdy z Jego rekomendacji dostarczymy kolejn\u0105 now\u0105 instalacj\u0119 fotowoltaiczn\u0105. <\/p>\n\n\n\n<p>Bonus mo\u017ce by\u0107 wyp\u0142acany wielokrotnie w przypadku wielu nowych inwestycji. <\/p>\n\n\n\n<p>Budowa jednej instalacji mo\u017ce by\u0107 premiowana <strong>tylko raz.<\/strong><\/p>\n","protected":false},"excerpt":{"rendered":"<p>Ka\u017cdemu z naszych obecnych lub przysz\u0142ych Klient\u00f3w oferujemy bonus w wysoko\u015bci 500 z\u0142 gdy z Jego rekomendacji dostarczymy kolejn\u0105 now\u0105 instalacj\u0119 fotowoltaiczn\u0105. Bonus mo\u017ce by\u0107 wyp\u0142acany wielokrotnie w przypadku wielu &#8230;<\/p>\n","protected":false},"author":1,"featured_media":0,"parent":0,"menu_order":0,"comment_status":"closed","ping_status":"closed","template":"","meta":[],"_links":{"self":[{"href":"http:\/\/astra-ag.eu\/index.php\/wp-json\/wp\/v2\/pages\/1522"}],"collection":[{"href":"http:\/\/astra-ag.eu\/index.php\/wp-json\/wp\/v2\/pages"}],"about":[{"href":"http:\/\/astra-ag.eu\/index.php\/wp-json\/wp\/v2\/types\/page"}],"author":[{"embeddable":true,"href":"http:\/\/astra-ag.eu\/index.php\/wp-json\/wp\/v2\/users\/1"}],"replies":[{"embeddable":true,"href":"http:\/\/astra-ag.eu\/index.php\/wp-json\/wp\/v2\/comments?post=1522"}],"version-history":[{"count":4,"href":"http:\/\/astra-ag.eu\/index.php\/wp-json\/wp\/v2\/pages\/1522\/revisions"}],"predecessor-version":[{"id":1588,"href":"http:\/\/astra-ag.eu\/index.php\/wp-json\/wp\/v2\/pages\/1522\/revisions\/1588"}],"wp:attachment":[{"href":"http:\/\/astra-ag.eu\/index.php\/wp-json\/wp\/v2\/media?parent=1522"}],"curies":[{"name":"wp","href":"https:\/\/api.w.org\/{rel}","templated":true}]}}